{"id":1642,"date":"2018-07-17T09:41:23","date_gmt":"2018-07-17T14:41:23","guid":{"rendered":"https:\/\/www.entreprisespierrericher.com\/?page_id=1642"},"modified":"2018-07-17T09:41:23","modified_gmt":"2018-07-17T14:41:23","slug":"useful-links","status":"publish","type":"page","link":"https:\/\/www.entreprisespierrericher.com\/en\/useful-links\/","title":{"rendered":"Useful links"},"content":{"rendered":"[vc_row type=&#8221;full_width_background&#8221; full_screen_row_position=&#8221;middle&#8221; bg_color=&#8221;#3d82e5&#8243; scene_position=&#8221;center&#8221; text_color=&#8221;dark&#8221; text_align=&#8221;center&#8221; top_padding=&#8221;105&#8243; bottom_padding=&#8221;80&#8243; overlay_strength=&#8221;0.3&#8243; shape_divider_position=&#8221;bottom&#8221; shape_type=&#8221;&#8221;][vc_column column_padding=&#8221;no-extra-padding&#8221; column_padding_position=&#8221;all&#8221; background_color_opacity=&#8221;1&#8243; background_hover_color_opacity=&#8221;1&#8243; column_shadow=&#8221;none&#8221; column_border_radius=&#8221;none&#8221; width=&#8221;1\/1&#8243; tablet_text_alignment=&#8221;default&#8221; phone_text_alignment=&#8221;default&#8221; column_border_width=&#8221;none&#8221; column_border_style=&#8221;solid&#8221;][vc_custom_heading text=&#8221;Useful links&#8221; font_container=&#8221;tag:h1|text_align:center|color:%23ffffff&#8221; google_fonts=&#8221;font_family:Open%20Sans%3A300%2C300italic%2Cregular%2Citalic%2C600%2C600italic%2C700%2C700italic%2C800%2C800italic|font_style:700%20bold%20regular%3A700%3Anormal&#8221;][\/vc_column][\/vc_row][vc_row type=&#8221;full_width_content&#8221; full_screen_row_position=&#8221;middle&#8221; scene_position=&#8221;center&#8221; text_color=&#8221;dark&#8221; text_align=&#8221;left&#8221; overlay_strength=&#8221;0.3&#8243; shape_divider_position=&#8221;bottom&#8221; shape_type=&#8221;&#8221;][vc_column column_padding=&#8221;padding-7-percent&#8221; column_padding_position=&#8221;all&#8221; background_color=&#8221;#eaeaea&#8221; background_color_opacity=&#8221;1&#8243; background_hover_color_opacity=&#8221;1&#8243; column_shadow=&#8221;none&#8221; column_border_radius=&#8221;none&#8221; width=&#8221;1\/2&#8243; tablet_text_alignment=&#8221;default&#8221; phone_text_alignment=&#8221;default&#8221; column_border_width=&#8221;none&#8221; column_border_style=&#8221;solid&#8221;][vc_custom_heading text=&#8221;ORGANISMES R\u00c9GISSANT LA CONSTRUCTION&#8221; font_container=&#8221;tag:h3|text_align:left&#8221; google_fonts=&#8221;font_family:Open%20Sans%3A300%2C300italic%2Cregular%2Citalic%2C600%2C600italic%2C700%2C700italic%2C800%2C800italic|font_style:400%20regular%3A400%3Anormal&#8221;][divider line_type=&#8221;No Line&#8221; custom_height=&#8221;20&#8243;][vc_column_text]\n<ul>\n<li><a href=\"http:\/\/www.boma-quebec.org\/accueil\" target=\"_blank\" rel=\"noopener\">BOMA<\/a><\/li>\n<li><a href=\"https:\/\/www.bnq.qc.ca\" target=\"_blank\" rel=\"noopener\">Bureau de normalisation du Qu\u00e9bec<\/a><\/li>\n<li><a href=\"http:\/\/www.cpeep.net\/fr\/accueil.html\" target=\"_blank\" rel=\"noopener\">Comit\u00e9 paritaire de l\u2019entretien d\u2019\u00e9difices publics<\/a><\/li>\n<li><a href=\"https:\/\/www.ccq.org\/fr-CA\/Accueil?profil=GrandPublic\" target=\"_blank\" rel=\"noopener\">Commission de la construction du Qu\u00e9bec<\/a><\/li>\n<li><a href=\"http:\/\/www.csst.qc.ca\" target=\"_blank\" rel=\"noopener\">Commission des normes, de l\u2019\u00e9quit\u00e9, de la sant\u00e9 et de la s\u00e9curit\u00e9 du travail<\/a><\/li>\n<li><a href=\"http:\/\/www.cpeep.net\/fr\/accueil.html\" target=\"_blank\" rel=\"noopener\">Comit\u00e9 paritaire de l\u2019entretien d\u2019\u00e9difices publics<\/a><\/li>\n<li><a href=\"http:\/\/www.csst.qc.ca\" target=\"_blank\" rel=\"noopener\">Commission des normes, de l\u2019\u00e9quit\u00e9, de la sant\u00e9 et de la s\u00e9curit\u00e9 du travail<\/a><\/li>\n<li><a href=\"https:\/\/www.rbq.gouv.qc.ca\/accueil.html\" target=\"_blank\" rel=\"noopener\">R\u00e9gie du b\u00e2timent du Qu\u00e9bec<\/a><\/li>\n<\/ul>\n[\/vc_column_text][\/vc_column][vc_column column_padding=&#8221;padding-7-percent&#8221; column_padding_position=&#8221;all&#8221; background_color_opacity=&#8221;1&#8243; background_hover_color_opacity=&#8221;1&#8243; column_shadow=&#8221;none&#8221; column_border_radius=&#8221;none&#8221; width=&#8221;1\/2&#8243; tablet_text_alignment=&#8221;default&#8221; phone_text_alignment=&#8221;default&#8221; column_border_width=&#8221;none&#8221; column_border_style=&#8221;solid&#8221;][vc_custom_heading text=&#8221;ASSOCIATIONS&#8221; font_container=&#8221;tag:h3|text_align:left&#8221; google_fonts=&#8221;font_family:Open%20Sans%3A300%2C300italic%2Cregular%2Citalic%2C600%2C600italic%2C700%2C700italic%2C800%2C800italic|font_style:400%20regular%3A400%3Anormal&#8221;][divider line_type=&#8221;No Line&#8221; custom_height=&#8221;20&#8243;][vc_column_text]\n<ul>\n<li><a href=\"http:\/\/www.arevq.ca\/\" target=\"_blank\" rel=\"noopener\">Association des Responsables d\u2019Espaces Verts du Qu\u00e9bec<\/a><\/li>\n<li><a href=\"http:\/\/www.aeseq.org\/\" target=\"_blank\" rel=\"noopener\">Association des entrepreneurs de services d\u2019\u00e9difices, Qu\u00e9bec<\/a><\/li>\n<li><a href=\"http:\/\/www.fihoq.qc.ca\/les-associations-affiliees-a-la-fihoq2\/association-des-services-en-horticulture-ornementale-du-quebec-ashoq\" target=\"_blank\" rel=\"noopener\">Association des services en horticulture ornementale du Qu\u00e9bec<\/a><\/li>\n<li><a href=\"http:\/\/www.acq.org\/\" target=\"_blank\" rel=\"noopener\">Association de la construction du Qu\u00e9bec<\/a><\/li>\n<li><a href=\"http:\/\/www.apchq.com\/\" target=\"_blank\" rel=\"noopener\">Association des professionnels de la construction et de l\u2019habitation du Qu\u00e9bec<\/a><\/li>\n<\/ul>\n[\/vc_column_text][\/vc_column][\/vc_row]\n","protected":false},"excerpt":{"rendered":"<p>[vc_row type=&#8221;full_width_background&#8221; full_screen_row_position=&#8221;middle&#8221; bg_color=&#8221;#3d82e5&#8243; scene_position=&#8221;center&#8221; text_color=&#8221;dark&#8221; text_align=&#8221;center&#8221; top_padding=&#8221;105&#8243; bottom_padding=&#8221;80&#8243; overlay_strength=&#8221;0.3&#8243; shape_divider_position=&#8221;bottom&#8221; shape_type=&#8221;&#8221;][vc_column column_padding=&#8221;no-extra-padding&#8221; column_padding_position=&#8221;all&#8221; background_color_opacity=&#8221;1&#8243; background_hover_color_opacity=&#8221;1&#8243; column_shadow=&#8221;none&#8221; column_border_radius=&#8221;none&#8221; width=&#8221;1\/1&#8243; tablet_text_alignment=&#8221;default&#8221; phone_text_alignment=&#8221;default&#8221; column_border_width=&#8221;none&#8221; column_border_style=&#8221;solid&#8221;][vc_custom_heading text=&#8221;Useful links&#8221; font_container=&#8221;tag:h1|text_align:center|color:%23ffffff&#8221; google_fonts=&#8221;font_family:Open%20Sans%3A300%2C300italic%2Cregular%2Citalic%2C600%2C600italic%2C700%2C700italic%2C800%2C800italic|font_style:700%20bold%20regular%3A700%3Anormal&#8221;][\/vc_column][\/vc_row][vc_row type=&#8221;full_width_content&#8221; full_screen_row_position=&#8221;middle&#8221; scene_position=&#8221;center&#8221;&#8230;<\/p>\n","protected":false},"author":1,"featured_media":0,"parent":0,"menu_order":0,"comment_status":"closed","ping_status":"closed","template":"","meta":{"_seopress_robots_primary_cat":"","_seopress_titles_title":"","_seopress_titles_desc":"","_seopress_robots_index":"","footnotes":""},"class_list":["post-1642","page","type-page","status-publish"],"_links":{"self":[{"href":"https:\/\/www.entreprisespierrericher.com\/en\/wp-json\/wp\/v2\/pages\/1642","targetHints":{"allow":["GET"]}}],"collection":[{"href":"https:\/\/www.entreprisespierrericher.com\/en\/wp-json\/wp\/v2\/pages"}],"about":[{"href":"https:\/\/www.entreprisespierrericher.com\/en\/wp-json\/wp\/v2\/types\/page"}],"author":[{"embeddable":true,"href":"https:\/\/www.entreprisespierrericher.com\/en\/wp-json\/wp\/v2\/users\/1"}],"replies":[{"embeddable":true,"href":"https:\/\/www.entreprisespierrericher.com\/en\/wp-json\/wp\/v2\/comments?post=1642"}],"version-history":[{"count":1,"href":"https:\/\/www.entreprisespierrericher.com\/en\/wp-json\/wp\/v2\/pages\/1642\/revisions"}],"predecessor-version":[{"id":1643,"href":"https:\/\/www.entreprisespierrericher.com\/en\/wp-json\/wp\/v2\/pages\/1642\/revisions\/1643"}],"wp:attachment":[{"href":"https:\/\/www.entreprisespierrericher.com\/en\/wp-json\/wp\/v2\/media?parent=1642"}],"curies":[{"name":"wp","href":"https:\/\/api.w.org\/{rel}","templated":true}]}}